{"id":215,"date":"2016-03-23T15:12:05","date_gmt":"2016-03-23T15:12:05","guid":{"rendered":"https:\/\/hregas.com\/ca\/?page_id=215"},"modified":"2026-01-19T11:48:36","modified_gmt":"2026-01-19T11:48:36","slug":"doble-regas","status":"publish","type":"page","link":"https:\/\/hregas.com\/ca\/doble-regas\/","title":{"rendered":"Standard"},"content":{"rendered":"<div class=\"row habitacion\">\n<div class=\"six columns image\">\n<div id=\"metaslider-id-245918\" style=\"width: 100%;\" class=\"ml-slider-3-105-0 metaslider metaslider-flex metaslider-245918 ml-slider ms-theme-default nav-hidden\" role=\"region\" aria-label=\"Nueva presentaci\u00f3n de diapositivas\" data-height=\"300\">\n    <div id=\"metaslider_container_245918\">\n        <div id=\"metaslider_245918\">\n            <ul class='slides'>\n                <li style=\"display: block; width: 100%;\" class=\"slide-245931 ms-image \" aria-roledescription=\"slide\" data-date=\"2023-05-12 08:24:10\" data-filename=\"hregas-habitacion-superior-1-450x300.png\" data-slide-type=\"image\"><img loading=\"lazy\" decoding=\"async\" src=\"https:\/\/hregas.com\/wp-content\/uploads\/2023\/05\/hregas-habitacion-superior-1-450x300.png\" height=\"300\" width=\"0\" alt=\"\" class=\"slider-245918 slide-245931 msDefaultImage\" title=\"hregas-habitacion-superior-1\" \/><\/li>\n                <li style=\"display: none; width: 100%;\" class=\"slide-245932 ms-image \" aria-roledescription=\"slide\" data-date=\"2023-05-12 08:24:10\" data-filename=\"hregas-habitacion-superior-2-450x300.png\" data-slide-type=\"image\"><img loading=\"lazy\" decoding=\"async\" src=\"https:\/\/hregas.com\/wp-content\/uploads\/2023\/05\/hregas-habitacion-superior-2-450x300.png\" height=\"300\" width=\"0\" alt=\"\" class=\"slider-245918 slide-245932 msDefaultImage\" title=\"hregas-habitacion-superior-2\" \/><\/li>\n                <li style=\"display: none; width: 100%;\" class=\"slide-245933 ms-image \" aria-roledescription=\"slide\" data-date=\"2023-05-12 08:24:10\" data-filename=\"hregas-habitacion-superior-3-450x300.png\" data-slide-type=\"image\"><img loading=\"lazy\" decoding=\"async\" src=\"https:\/\/hregas.com\/wp-content\/uploads\/2023\/05\/hregas-habitacion-superior-3-450x300.png\" height=\"300\" width=\"0\" alt=\"\" class=\"slider-245918 slide-245933 msDefaultImage\" title=\"hregas-habitacion-superior-3\" \/><\/li>\n                <li style=\"display: none; width: 100%;\" class=\"slide-245934 ms-image \" aria-roledescription=\"slide\" data-date=\"2023-05-12 08:24:10\" data-filename=\"hregas-habitacion-superior-4-450x300.png\" data-slide-type=\"image\"><img loading=\"lazy\" decoding=\"async\" src=\"https:\/\/hregas.com\/wp-content\/uploads\/2023\/05\/hregas-habitacion-superior-4-450x300.png\" height=\"300\" width=\"0\" alt=\"\" class=\"slider-245918 slide-245934 msDefaultImage\" title=\"hregas-habitacion-superior-4\" \/><\/li>\n                <li style=\"display: none; width: 100%;\" class=\"slide-245935 ms-image \" aria-roledescription=\"slide\" data-date=\"2023-05-12 08:24:10\" data-filename=\"hregas-habitacion-superior-5-450x300.png\" data-slide-type=\"image\"><img loading=\"lazy\" decoding=\"async\" src=\"https:\/\/hregas.com\/wp-content\/uploads\/2023\/05\/hregas-habitacion-superior-5-450x300.png\" height=\"300\" width=\"0\" alt=\"\" class=\"slider-245918 slide-245935 msDefaultImage\" title=\"hregas-habitacion-superior-5\" \/><\/li>\n                <li style=\"display: none; width: 100%;\" class=\"slide-245936 ms-image \" aria-roledescription=\"slide\" data-date=\"2023-05-12 08:24:10\" data-filename=\"hregas-habitacion-superior-6-450x300.png\" data-slide-type=\"image\"><img loading=\"lazy\" decoding=\"async\" src=\"https:\/\/hregas.com\/wp-content\/uploads\/2023\/05\/hregas-habitacion-superior-6-450x300.png\" height=\"300\" width=\"0\" alt=\"\" class=\"slider-245918 slide-245936 msDefaultImage\" title=\"hregas-habitacion-superior-6\" \/><\/li>\n            <\/ul>\n        <\/div>\n        \n    <\/div>\n<\/div>\n<div class=\"otras\">\n<p class=\"desc\">Reserva ara i gaudeix d&#8217;un hotel c\u00e8ntric a Barcelona amb tot el que necessites per a una estada perfecta.<\/p>\n<h3 style=\"font-size: 1.2em;\"><a href=\"https:\/\/www.booking.com\/hotel\/es\/hregas.es.html\" target=\"_blank\" rel=\"nofollow noopener\">Reserva en Booking.com \u2192<\/a><\/h3>\n<\/div>\n<\/div>\n<div class=\"six columns info\">\n<h2>Habitaci\u00f3 Standard amb llit extra gran<\/h2>\n<ul class=\"desc\">\n<li>Llit extra grande<\/li>\n<li><span style=\"font-weight: 400;\">Aire condicionat individual<\/span><\/li>\n<li>S\u00f2l de fusta\/parquet<\/li>\n<li>TV de pantalla plana i r\u00e0dio<\/li>\n<li>Wifi gratis<\/li>\n<li>Tel\u00e8fon<\/li>\n<li>Banyera<\/li>\n<li>WC<\/li>\n<li>Assecador de cabell<\/li>\n<\/ul>\n<\/div>\n<\/div>\n","protected":false},"excerpt":{"rendered":"<p>Reserva ara i gaudeix d&#8217;un hotel c\u00e8ntric a Barcelona amb tot el que necessites per a una estada perfecta. Reserva en Booking.com \u2192 Habitaci\u00f3 Standard amb llit extra gran Llit extra grande Aire condicionat individual S\u00f2l de fusta\/parquet TV de pantalla plana i r\u00e0dio Wifi gratis Tel\u00e8fon Banyera WC Assecador de cabell<\/p>\n","protected":false},"author":7,"featured_media":0,"parent":0,"menu_order":0,"comment_status":"closed","ping_status":"closed","template":"page-fullwith.php","meta":{"footnotes":""},"class_list":["post-215","page","type-page","status-publish","hentry"],"yoast_head":"<!-- This site is optimized with the Yoast SEO plugin v27.0 - https:\/\/yoast.com\/product\/yoast-seo-wordpress\/ -->\n<title>Habitaci\u00f3 Standard a Barcelona | H Reg\u00e0s<\/title>\n<meta name=\"description\" content=\"Descobreix la nostra habitaci\u00f3 Standard en H Reg\u00e0s espai modern en el centre de Barcelona, a 10 min a peu de Passeig de Gr\u00e0cia.\" \/>\n<meta name=\"robots\" content=\"index, follow, max-snippet:-1, max-image-preview:large, max-video-preview:-1\" \/>\n<link rel=\"canonical\" href=\"https:\/\/hregas.com\/ca\/doble-regas\/\" \/>\n<meta property=\"og:locale\" content=\"ca_ES\" \/>\n<meta property=\"og:type\" content=\"article\" \/>\n<meta property=\"og:title\" content=\"Habitaci\u00f3 Standard a Barcelona | H Reg\u00e0s\" \/>\n<meta property=\"og:description\" content=\"Descobreix la nostra habitaci\u00f3 Standard en H Reg\u00e0s espai modern en el centre de Barcelona, a 10 min a peu de Passeig de Gr\u00e0cia.\" \/>\n<meta property=\"og:url\" content=\"https:\/\/hregas.com\/ca\/doble-regas\/\" \/>\n<meta property=\"og:site_name\" content=\"H Reg\u00e0s\" \/>\n<meta property=\"article:publisher\" content=\"https:\/\/www.facebook.com\/SuperLoveHotels\" \/>\n<meta property=\"article:modified_time\" content=\"2026-01-19T11:48:36+00:00\" \/>\n<meta name=\"twitter:card\" content=\"summary_large_image\" \/>\n<meta name=\"twitter:site\" content=\"@SuperLoveHotels\" \/>\n<meta name=\"twitter:label1\" content=\"Temps estimat de lectura\" \/>\n\t<meta name=\"twitter:data1\" content=\"1 minut\" \/>\n<script type=\"application\/ld+json\" class=\"yoast-schema-graph\">{\"@context\":\"https:\/\/schema.org\",\"@graph\":[{\"@type\":\"WebPage\",\"@id\":\"https:\/\/hregas.com\/ca\/doble-regas\/\",\"url\":\"https:\/\/hregas.com\/ca\/doble-regas\/\",\"name\":\"Habitaci\u00f3 Standard a Barcelona | H Reg\u00e0s\",\"isPartOf\":{\"@id\":\"https:\/\/hregas.com\/ca\/#website\"},\"datePublished\":\"2016-03-23T15:12:05+00:00\",\"dateModified\":\"2026-01-19T11:48:36+00:00\",\"description\":\"Descobreix la nostra habitaci\u00f3 Standard en H Reg\u00e0s espai modern en el centre de Barcelona, a 10 min a peu de Passeig de Gr\u00e0cia.\",\"breadcrumb\":{\"@id\":\"https:\/\/hregas.com\/ca\/doble-regas\/#breadcrumb\"},\"inLanguage\":\"ca\",\"potentialAction\":[{\"@type\":\"ReadAction\",\"target\":[\"https:\/\/hregas.com\/ca\/doble-regas\/\"]}]},{\"@type\":\"BreadcrumbList\",\"@id\":\"https:\/\/hregas.com\/ca\/doble-regas\/#breadcrumb\",\"itemListElement\":[{\"@type\":\"ListItem\",\"position\":1,\"name\":\"Portada\",\"item\":\"https:\/\/hregas.com\/ca\/\"},{\"@type\":\"ListItem\",\"position\":2,\"name\":\"Standard\"}]},{\"@type\":\"WebSite\",\"@id\":\"https:\/\/hregas.com\/ca\/#website\",\"url\":\"https:\/\/hregas.com\/ca\/\",\"name\":\"H Reg\u00e0s\",\"description\":\"Hotel para parejas, habitaciones por horas en Barcelona\",\"publisher\":{\"@id\":\"https:\/\/hregas.com\/ca\/#organization\"},\"potentialAction\":[{\"@type\":\"SearchAction\",\"target\":{\"@type\":\"EntryPoint\",\"urlTemplate\":\"https:\/\/hregas.com\/ca\/?s={search_term_string}\"},\"query-input\":{\"@type\":\"PropertyValueSpecification\",\"valueRequired\":true,\"valueName\":\"search_term_string\"}}],\"inLanguage\":\"ca\"},{\"@type\":\"Organization\",\"@id\":\"https:\/\/hregas.com\/ca\/#organization\",\"name\":\"H Reg\u00e0s\",\"url\":\"https:\/\/hregas.com\/ca\/\",\"logo\":{\"@type\":\"ImageObject\",\"inLanguage\":\"ca\",\"@id\":\"https:\/\/hregas.com\/ca\/#\/schema\/logo\/image\/\",\"url\":\"https:\/\/hregas.com\/wp-content\/uploads\/2015\/07\/SuperLove-Hotel-Regas.png\",\"contentUrl\":\"https:\/\/hregas.com\/wp-content\/uploads\/2015\/07\/SuperLove-Hotel-Regas.png\",\"width\":113,\"height\":70,\"caption\":\"H Reg\u00e0s\"},\"image\":{\"@id\":\"https:\/\/hregas.com\/ca\/#\/schema\/logo\/image\/\"},\"sameAs\":[\"https:\/\/www.facebook.com\/SuperLoveHotels\",\"https:\/\/x.com\/SuperLoveHotels\"]}]}<\/script>\n<!-- \/ Yoast SEO plugin. -->","yoast_head_json":{"title":"Habitaci\u00f3 Standard a Barcelona | H Reg\u00e0s","description":"Descobreix la nostra habitaci\u00f3 Standard en H Reg\u00e0s espai modern en el centre de Barcelona, a 10 min a peu de Passeig de Gr\u00e0cia.","robots":{"index":"index","follow":"follow","max-snippet":"max-snippet:-1","max-image-preview":"max-image-preview:large","max-video-preview":"max-video-preview:-1"},"canonical":"https:\/\/hregas.com\/ca\/doble-regas\/","og_locale":"ca_ES","og_type":"article","og_title":"Habitaci\u00f3 Standard a Barcelona | H Reg\u00e0s","og_description":"Descobreix la nostra habitaci\u00f3 Standard en H Reg\u00e0s espai modern en el centre de Barcelona, a 10 min a peu de Passeig de Gr\u00e0cia.","og_url":"https:\/\/hregas.com\/ca\/doble-regas\/","og_site_name":"H Reg\u00e0s","article_publisher":"https:\/\/www.facebook.com\/SuperLoveHotels","article_modified_time":"2026-01-19T11:48:36+00:00","twitter_card":"summary_large_image","twitter_site":"@SuperLoveHotels","twitter_misc":{"Temps estimat de lectura":"1 minut"},"schema":{"@context":"https:\/\/schema.org","@graph":[{"@type":"WebPage","@id":"https:\/\/hregas.com\/ca\/doble-regas\/","url":"https:\/\/hregas.com\/ca\/doble-regas\/","name":"Habitaci\u00f3 Standard a Barcelona | H Reg\u00e0s","isPartOf":{"@id":"https:\/\/hregas.com\/ca\/#website"},"datePublished":"2016-03-23T15:12:05+00:00","dateModified":"2026-01-19T11:48:36+00:00","description":"Descobreix la nostra habitaci\u00f3 Standard en H Reg\u00e0s espai modern en el centre de Barcelona, a 10 min a peu de Passeig de Gr\u00e0cia.","breadcrumb":{"@id":"https:\/\/hregas.com\/ca\/doble-regas\/#breadcrumb"},"inLanguage":"ca","potentialAction":[{"@type":"ReadAction","target":["https:\/\/hregas.com\/ca\/doble-regas\/"]}]},{"@type":"BreadcrumbList","@id":"https:\/\/hregas.com\/ca\/doble-regas\/#breadcrumb","itemListElement":[{"@type":"ListItem","position":1,"name":"Portada","item":"https:\/\/hregas.com\/ca\/"},{"@type":"ListItem","position":2,"name":"Standard"}]},{"@type":"WebSite","@id":"https:\/\/hregas.com\/ca\/#website","url":"https:\/\/hregas.com\/ca\/","name":"H Reg\u00e0s","description":"Hotel para parejas, habitaciones por horas en Barcelona","publisher":{"@id":"https:\/\/hregas.com\/ca\/#organization"},"potentialAction":[{"@type":"SearchAction","target":{"@type":"EntryPoint","urlTemplate":"https:\/\/hregas.com\/ca\/?s={search_term_string}"},"query-input":{"@type":"PropertyValueSpecification","valueRequired":true,"valueName":"search_term_string"}}],"inLanguage":"ca"},{"@type":"Organization","@id":"https:\/\/hregas.com\/ca\/#organization","name":"H Reg\u00e0s","url":"https:\/\/hregas.com\/ca\/","logo":{"@type":"ImageObject","inLanguage":"ca","@id":"https:\/\/hregas.com\/ca\/#\/schema\/logo\/image\/","url":"https:\/\/hregas.com\/wp-content\/uploads\/2015\/07\/SuperLove-Hotel-Regas.png","contentUrl":"https:\/\/hregas.com\/wp-content\/uploads\/2015\/07\/SuperLove-Hotel-Regas.png","width":113,"height":70,"caption":"H Reg\u00e0s"},"image":{"@id":"https:\/\/hregas.com\/ca\/#\/schema\/logo\/image\/"},"sameAs":["https:\/\/www.facebook.com\/SuperLoveHotels","https:\/\/x.com\/SuperLoveHotels"]}]}},"_links":{"self":[{"href":"https:\/\/hregas.com\/ca\/wp-json\/wp\/v2\/pages\/215","targetHints":{"allow":["GET"]}}],"collection":[{"href":"https:\/\/hregas.com\/ca\/wp-json\/wp\/v2\/pages"}],"about":[{"href":"https:\/\/hregas.com\/ca\/wp-json\/wp\/v2\/types\/page"}],"author":[{"embeddable":true,"href":"https:\/\/hregas.com\/ca\/wp-json\/wp\/v2\/users\/7"}],"replies":[{"embeddable":true,"href":"https:\/\/hregas.com\/ca\/wp-json\/wp\/v2\/comments?post=215"}],"version-history":[{"count":0,"href":"https:\/\/hregas.com\/ca\/wp-json\/wp\/v2\/pages\/215\/revisions"}],"wp:attachment":[{"href":"https:\/\/hregas.com\/ca\/wp-json\/wp\/v2\/media?parent=215"}],"curies":[{"name":"wp","href":"https:\/\/api.w.org\/{rel}","templated":true}]}}