{"id":272,"date":"2016-11-30T09:29:45","date_gmt":"2016-11-30T09:29:45","guid":{"rendered":"https:\/\/hregas.com\/ca\/?page_id=272"},"modified":"2018-09-26T10:12:43","modified_gmt":"2018-09-26T10:12:43","slug":"politica-de-cookies","status":"publish","type":"page","link":"https:\/\/hregas.com\/ca\/politica-de-cookies\/","title":{"rendered":"POL\u00cdTICA DE COOKIES"},"content":{"rendered":"<p>HRegas, a trav\u00e9s del present document, recull la seva Pol\u00edtica de recollida i tractament de cookies, en compliment del que disposa l&#8217;article de la Llei 34\/2002, de 11 de juliol, de Serveis de la Societat de la Informaci\u00f3 i de Comer\u00e7 Electr\u00f2nic (LSSICE).<\/p>\n<p>Les cookies s&#8217;emmagatzemen en l&#8217;equip terminal de l&#8217;usuari (ordinador o dispositiu m\u00f2bil) i recopilen informaci\u00f3 en visitar la p\u00e0gina web www.https:\/\/hregas.com\/ \u00a0amb la finalitat de millorar la usabilitat de les mateixes, con\u00e8ixer els h\u00e0bits o necessitats de navegaci\u00f3 de els usuaris per poder adaptar-se als mateixos, aix\u00ed com obtenir informaci\u00f3 amb fins estad\u00edstics. En el cas d&#8217;aquells usuaris que ja siguin clients de HRegas, la informaci\u00f3 recollida amb les cookies servir\u00e0 tamb\u00e9 per a la seva identificaci\u00f3 en accedir a les diferents eines que HRegas posa a la seva disposici\u00f3 per a la gesti\u00f3 dels serveis.<\/p>\n<p>La present Pol\u00edtica de Cookies ser\u00e0 d&#8217;aplicaci\u00f3 a aquells usuaris que volunt\u00e0riament visiten les p\u00e0gines web de HRegas, emplenen formularis de recollida de dades, accedeixen a les eines que\u00a0HRegas posa a disposici\u00f3 dels seus clients per gestionar els seus serveis, o utilitzen qualsevol altre servei present en el lloc web que impliqui la comunicaci\u00f3 de dades a HRegas, o l&#8217;acc\u00e9s a dades per HRegas, per a la prestaci\u00f3 dels seus serveis.<\/p>\n<p>HRegas informa als usuaris de les seves p\u00e0gines web, de l&#8217;exist\u00e8ncia de cookies i posa a la seva disposici\u00f3 la present Pol\u00edtica amb la finalitat d&#8217;informar-los sobre l&#8217;\u00fas i de l&#8217;objecte de les mateixes. El fet de continuar la navegaci\u00f3 a trav\u00e9s de les seves p\u00e0gines, suposa el coneixement i l&#8217;acceptaci\u00f3 de la present Pol\u00edtica per part d&#8217;aquests usuaris.<\/p>\n<p>&nbsp;<\/p>\n<p><strong><em>HRegas utiliza els seg\u00fcents tipus de cookies:<\/em><\/strong><\/p>\n<p><em>Classificades per la seva titularitat:<\/em><\/p>\n<p>*Cookies pr\u00f2pies: enviades i gestionades directament per HRegas.<\/p>\n<p>*Cookies de tercers: enviades i gestionades per un tercer ali\u00e8 a HRegas, de forma an\u00f2nima, amb la finalitat de realitzar estudis estad\u00edstics de navegaci\u00f3 per les p\u00e0gines web de HRegas.<\/p>\n<p>&nbsp;<\/p>\n<p><em>Classificades per la seva finalitat: \u00a0<\/em><\/p>\n<p>Cookies t\u00e8cniques i \/ o de personalitzaci\u00f3: faciliten la navegaci\u00f3, en identificar la sessi\u00f3, permetre l&#8217;acc\u00e9s a eines d&#8217;acc\u00e9s restringit, a m\u00e9s de configurar a mida les opcions disponibles. Possibiliten la prestaci\u00f3 del servei sol\u00b7licitat pr\u00e8viament per l&#8217;usuari.<\/p>\n<p>Cookies d&#8217;an\u00e0lisi i \/ o publicitat: permeten con\u00e8ixer el nombre de visites rebudes en les diferents seccions de les p\u00e0gines web, els h\u00e0bits i tend\u00e8ncies dels seus usuaris i en conseq\u00fc\u00e8ncia, poder millorar la navegaci\u00f3 i el servei ofert per HRegas (Fonamentalment, Google Analytics), aix\u00ed com gestionar els espais publicitaris inclosos en la p\u00e0gina web visitada per l&#8217;usuari.<\/p>\n<p>Recull dades de forma an\u00f2nima amb la finalitat d&#8217;obtenir perfils de navegaci\u00f3 dels usuaris.<\/p>\n<p>&nbsp;<\/p>\n<p><em>Classificades per la seva durada: \u00a0<\/em><\/p>\n<p>Cookies de sessi\u00f3: recapten i emmagatzemen les dades mentre l&#8217;usuari accedeix a la p\u00e0gina web.<\/p>\n<p>Cookies persistents: recapten i emmagatzemen les dades en el terminal de l&#8217;usuari durant un per\u00edode de temps variable en funci\u00f3 de quina sigui la finalitat per a la qual han estat utilitzades.<\/p>\n<p>El temps de conservaci\u00f3 de les cookies dependr\u00e0 del tipus de qu\u00e8 es tracti i sempre ser\u00e0 el m\u00ednim indispensable per complir la seva finalitat.<\/p>\n<p>En qualsevol cas, els usuaris poden configurar el seu navegador, de manera que es desactivi o bloquegi la recepci\u00f3 de totes o algunes de les cookies.<\/p>\n<p>El fet de no desitjar rebre aquestes Cookies, no constitueix un impediment per poder accedir a la informaci\u00f3 dels llocs web de HRegas encara que l&#8217;\u00fas d&#8217;alguns serveis podr\u00e0 ser limitat.<\/p>\n<p>Si un cop atorgat el consentiment per a la recepci\u00f3 de cookies, es desitg\u00e9s retirar aquest, s&#8217;hauran eliminar aquelles emmagatzemades a l&#8217;equip de l&#8217;usuari, a trav\u00e9s de les opcions dels diferents navegadors.<\/p>\n<p>&nbsp;<\/p>\n<p>La forma de configurar els diferents navegadors per exercitar les accions assenyalades en els par\u00e0grafs anteriors, es pot consultar a:<\/p>\n<ul>\n<li>Explorer:\u00a0 <a href=\"http:\/\/windows.microsoft.com\/es-es\/windows7\/how-to-manage-cookies-in-internet-explorer-9\">http:\/\/windows.microsoft.com\/es-es\/windows7\/how-to-manage-cookies-in-internet-explorer-9<\/a><\/li>\n<li>Chrome:\u00a0 <a href=\"https:\/\/support.google.com\/chrome\/answer\/95647?hl=es\">https:\/\/support.google.com\/chrome\/answer\/95647?hl=es<\/a><\/li>\n<li>Firefox:\u00a0 <a href=\"http:\/\/support.mozilla.org\/es\/kb\/cookies-informacion-que-los-sitios-web-guardan-en-?redirectlocale=en-US&amp;redirectslug=Cookies\">http:\/\/support.mozilla.org\/es\/kb\/cookies-informacion-que-los-sitios-web-guardan-en-?redirectlocale=en-US&amp;redirectslug=Cookies<\/a><\/li>\n<\/ul>\n<p>&nbsp;<\/p>\n","protected":false},"excerpt":{"rendered":"<p>HRegas, a trav\u00e9s del present document, recull la seva Pol\u00edtica de recollida i tractament de cookies, en compliment del que disposa l&#8217;article de la Llei 34\/2002, de 11 de juliol, de Serveis de la Societat de la Informaci\u00f3 i de Comer\u00e7 Electr\u00f2nic (LSSICE). Les cookies s&#8217;emmagatzemen en l&#8217;equip terminal de l&#8217;usuari (ordinador o dispositiu m\u00f2bil) [&hellip;]<\/p>\n","protected":false},"author":7,"featured_media":0,"parent":0,"menu_order":0,"comment_status":"open","ping_status":"open","template":"page-fullwith.php","meta":{"footnotes":""},"class_list":["post-272","page","type-page","status-publish","hentry"],"yoast_head":"<!-- This site is optimized with the Yoast SEO plugin v27.0 - https:\/\/yoast.com\/product\/yoast-seo-wordpress\/ -->\n<title>POL\u00cdTICA DE COOKIES - H Reg\u00e0s<\/title>\n<meta name=\"robots\" content=\"index, follow, max-snippet:-1, max-image-preview:large, max-video-preview:-1\" \/>\n<link rel=\"canonical\" href=\"https:\/\/hregas.com\/ca\/politica-de-cookies\/\" \/>\n<meta property=\"og:locale\" content=\"ca_ES\" \/>\n<meta property=\"og:type\" content=\"article\" \/>\n<meta property=\"og:title\" content=\"POL\u00cdTICA DE COOKIES - H Reg\u00e0s\" \/>\n<meta property=\"og:description\" content=\"HRegas, a trav\u00e9s del present document, recull la seva Pol\u00edtica de recollida i tractament de cookies, en compliment del que disposa l&#8217;article de la Llei 34\/2002, de 11 de juliol, de Serveis de la Societat de la Informaci\u00f3 i de Comer\u00e7 Electr\u00f2nic (LSSICE). Les cookies s&#8217;emmagatzemen en l&#8217;equip terminal de l&#8217;usuari (ordinador o dispositiu m\u00f2bil) [&hellip;]\" \/>\n<meta property=\"og:url\" content=\"https:\/\/hregas.com\/ca\/politica-de-cookies\/\" \/>\n<meta property=\"og:site_name\" content=\"H Reg\u00e0s\" \/>\n<meta property=\"article:publisher\" content=\"https:\/\/www.facebook.com\/SuperLoveHotels\" \/>\n<meta property=\"article:modified_time\" content=\"2018-09-26T10:12:43+00:00\" \/>\n<meta name=\"twitter:card\" content=\"summary_large_image\" \/>\n<meta name=\"twitter:site\" content=\"@SuperLoveHotels\" \/>\n<meta name=\"twitter:label1\" content=\"Temps estimat de lectura\" \/>\n\t<meta name=\"twitter:data1\" content=\"4 minuts\" \/>\n<script type=\"application\/ld+json\" class=\"yoast-schema-graph\">{\"@context\":\"https:\/\/schema.org\",\"@graph\":[{\"@type\":\"WebPage\",\"@id\":\"https:\/\/hregas.com\/ca\/politica-de-cookies\/\",\"url\":\"https:\/\/hregas.com\/ca\/politica-de-cookies\/\",\"name\":\"POL\u00cdTICA DE COOKIES - H Reg\u00e0s\",\"isPartOf\":{\"@id\":\"https:\/\/hregas.com\/ca\/#website\"},\"datePublished\":\"2016-11-30T09:29:45+00:00\",\"dateModified\":\"2018-09-26T10:12:43+00:00\",\"breadcrumb\":{\"@id\":\"https:\/\/hregas.com\/ca\/politica-de-cookies\/#breadcrumb\"},\"inLanguage\":\"ca\",\"potentialAction\":[{\"@type\":\"ReadAction\",\"target\":[\"https:\/\/hregas.com\/ca\/politica-de-cookies\/\"]}]},{\"@type\":\"BreadcrumbList\",\"@id\":\"https:\/\/hregas.com\/ca\/politica-de-cookies\/#breadcrumb\",\"itemListElement\":[{\"@type\":\"ListItem\",\"position\":1,\"name\":\"Portada\",\"item\":\"https:\/\/hregas.com\/ca\/\"},{\"@type\":\"ListItem\",\"position\":2,\"name\":\"POL\u00cdTICA DE COOKIES\"}]},{\"@type\":\"WebSite\",\"@id\":\"https:\/\/hregas.com\/ca\/#website\",\"url\":\"https:\/\/hregas.com\/ca\/\",\"name\":\"H Reg\u00e0s\",\"description\":\"Hotel para parejas, habitaciones por horas en Barcelona\",\"publisher\":{\"@id\":\"https:\/\/hregas.com\/ca\/#organization\"},\"potentialAction\":[{\"@type\":\"SearchAction\",\"target\":{\"@type\":\"EntryPoint\",\"urlTemplate\":\"https:\/\/hregas.com\/ca\/?s={search_term_string}\"},\"query-input\":{\"@type\":\"PropertyValueSpecification\",\"valueRequired\":true,\"valueName\":\"search_term_string\"}}],\"inLanguage\":\"ca\"},{\"@type\":\"Organization\",\"@id\":\"https:\/\/hregas.com\/ca\/#organization\",\"name\":\"H Reg\u00e0s\",\"url\":\"https:\/\/hregas.com\/ca\/\",\"logo\":{\"@type\":\"ImageObject\",\"inLanguage\":\"ca\",\"@id\":\"https:\/\/hregas.com\/ca\/#\/schema\/logo\/image\/\",\"url\":\"https:\/\/hregas.com\/wp-content\/uploads\/2015\/07\/SuperLove-Hotel-Regas.png\",\"contentUrl\":\"https:\/\/hregas.com\/wp-content\/uploads\/2015\/07\/SuperLove-Hotel-Regas.png\",\"width\":113,\"height\":70,\"caption\":\"H Reg\u00e0s\"},\"image\":{\"@id\":\"https:\/\/hregas.com\/ca\/#\/schema\/logo\/image\/\"},\"sameAs\":[\"https:\/\/www.facebook.com\/SuperLoveHotels\",\"https:\/\/x.com\/SuperLoveHotels\"]}]}<\/script>\n<!-- \/ Yoast SEO plugin. -->","yoast_head_json":{"title":"POL\u00cdTICA DE COOKIES - H Reg\u00e0s","robots":{"index":"index","follow":"follow","max-snippet":"max-snippet:-1","max-image-preview":"max-image-preview:large","max-video-preview":"max-video-preview:-1"},"canonical":"https:\/\/hregas.com\/ca\/politica-de-cookies\/","og_locale":"ca_ES","og_type":"article","og_title":"POL\u00cdTICA DE COOKIES - H Reg\u00e0s","og_description":"HRegas, a trav\u00e9s del present document, recull la seva Pol\u00edtica de recollida i tractament de cookies, en compliment del que disposa l&#8217;article de la Llei 34\/2002, de 11 de juliol, de Serveis de la Societat de la Informaci\u00f3 i de Comer\u00e7 Electr\u00f2nic (LSSICE). Les cookies s&#8217;emmagatzemen en l&#8217;equip terminal de l&#8217;usuari (ordinador o dispositiu m\u00f2bil) [&hellip;]","og_url":"https:\/\/hregas.com\/ca\/politica-de-cookies\/","og_site_name":"H Reg\u00e0s","article_publisher":"https:\/\/www.facebook.com\/SuperLoveHotels","article_modified_time":"2018-09-26T10:12:43+00:00","twitter_card":"summary_large_image","twitter_site":"@SuperLoveHotels","twitter_misc":{"Temps estimat de lectura":"4 minuts"},"schema":{"@context":"https:\/\/schema.org","@graph":[{"@type":"WebPage","@id":"https:\/\/hregas.com\/ca\/politica-de-cookies\/","url":"https:\/\/hregas.com\/ca\/politica-de-cookies\/","name":"POL\u00cdTICA DE COOKIES - H Reg\u00e0s","isPartOf":{"@id":"https:\/\/hregas.com\/ca\/#website"},"datePublished":"2016-11-30T09:29:45+00:00","dateModified":"2018-09-26T10:12:43+00:00","breadcrumb":{"@id":"https:\/\/hregas.com\/ca\/politica-de-cookies\/#breadcrumb"},"inLanguage":"ca","potentialAction":[{"@type":"ReadAction","target":["https:\/\/hregas.com\/ca\/politica-de-cookies\/"]}]},{"@type":"BreadcrumbList","@id":"https:\/\/hregas.com\/ca\/politica-de-cookies\/#breadcrumb","itemListElement":[{"@type":"ListItem","position":1,"name":"Portada","item":"https:\/\/hregas.com\/ca\/"},{"@type":"ListItem","position":2,"name":"POL\u00cdTICA DE COOKIES"}]},{"@type":"WebSite","@id":"https:\/\/hregas.com\/ca\/#website","url":"https:\/\/hregas.com\/ca\/","name":"H Reg\u00e0s","description":"Hotel para parejas, habitaciones por horas en Barcelona","publisher":{"@id":"https:\/\/hregas.com\/ca\/#organization"},"potentialAction":[{"@type":"SearchAction","target":{"@type":"EntryPoint","urlTemplate":"https:\/\/hregas.com\/ca\/?s={search_term_string}"},"query-input":{"@type":"PropertyValueSpecification","valueRequired":true,"valueName":"search_term_string"}}],"inLanguage":"ca"},{"@type":"Organization","@id":"https:\/\/hregas.com\/ca\/#organization","name":"H Reg\u00e0s","url":"https:\/\/hregas.com\/ca\/","logo":{"@type":"ImageObject","inLanguage":"ca","@id":"https:\/\/hregas.com\/ca\/#\/schema\/logo\/image\/","url":"https:\/\/hregas.com\/wp-content\/uploads\/2015\/07\/SuperLove-Hotel-Regas.png","contentUrl":"https:\/\/hregas.com\/wp-content\/uploads\/2015\/07\/SuperLove-Hotel-Regas.png","width":113,"height":70,"caption":"H Reg\u00e0s"},"image":{"@id":"https:\/\/hregas.com\/ca\/#\/schema\/logo\/image\/"},"sameAs":["https:\/\/www.facebook.com\/SuperLoveHotels","https:\/\/x.com\/SuperLoveHotels"]}]}},"_links":{"self":[{"href":"https:\/\/hregas.com\/ca\/wp-json\/wp\/v2\/pages\/272","targetHints":{"allow":["GET"]}}],"collection":[{"href":"https:\/\/hregas.com\/ca\/wp-json\/wp\/v2\/pages"}],"about":[{"href":"https:\/\/hregas.com\/ca\/wp-json\/wp\/v2\/types\/page"}],"author":[{"embeddable":true,"href":"https:\/\/hregas.com\/ca\/wp-json\/wp\/v2\/users\/7"}],"replies":[{"embeddable":true,"href":"https:\/\/hregas.com\/ca\/wp-json\/wp\/v2\/comments?post=272"}],"version-history":[{"count":0,"href":"https:\/\/hregas.com\/ca\/wp-json\/wp\/v2\/pages\/272\/revisions"}],"wp:attachment":[{"href":"https:\/\/hregas.com\/ca\/wp-json\/wp\/v2\/media?parent=272"}],"curies":[{"name":"wp","href":"https:\/\/api.w.org\/{rel}","templated":true}]}}