{"id":275,"date":"2016-11-28T14:43:51","date_gmt":"2016-11-28T14:43:51","guid":{"rendered":"https:\/\/hregas.com\/ca\/aviso-legal\/"},"modified":"2025-04-25T08:44:23","modified_gmt":"2025-04-25T08:44:23","slug":"avis-legal","status":"publish","type":"page","link":"https:\/\/hregas.com\/ca\/avis-legal\/","title":{"rendered":"AV\u00edS LEGAL"},"content":{"rendered":"<p><em>En compliment de l&#8217;article 10 de la Llei 34\/2002, de 11 de juliol, de Serveis de la Societat de la Informaci\u00f3 i Comer\u00e7 Electr\u00f2nic (LSSICE) a continuaci\u00f3 es detallen les dades identificatives de l&#8217;empresa:<\/em><\/p>\n<p>Ra\u00f3 social: PENRAM SA CIF: : A59121830<\/p>\n<p>Direcci\u00f3: C\/ REGAS 10-12- 08006 &#8211; : BARCELONA- BARCELONA<\/p>\n<p>Tel\u00e8fon: 932380092 E-mail: <a href=\"mailto:info@hregas.com\">info@hregas.com<\/a><\/p>\n<p>&nbsp;<\/p>\n<p><strong>INSCRIPCI\u00d3 REGISTRAL.<\/strong><\/p>\n<p>Penram, SA domiciliada a C \/ Regas 10-12.<\/p>\n<p>Constitu\u00efda per temps indefinit el dia 1989.12.27 sota el nombre 4065 del seu protocol.<\/p>\n<p>Inscrita al registre mercantil de Barcelona tom 21254, foli 131, full n\u00famero B-19023, inscripci\u00f3 2.<\/p>\n<p>&nbsp;<\/p>\n<p><strong>FINALITAT DE LA P\u00c0GINA WEB.<\/strong><\/p>\n<p>El present av\u00eds legal (en endavant, el &#8220;Av\u00eds Legal&#8221;) regula l&#8217;\u00fas del lloc web: <a href=\"https:\/\/hregas.com\/ca\/\"><em>https:\/\/hregas.com\/<\/em><\/a><\/p>\n<p>&nbsp;<\/p>\n<p><strong>LEGISLACI\u00d3.<\/strong><\/p>\n<p>Amb car\u00e0cter general les relacions entre HRegas amb els Usuaris dels seus serveis telem\u00e0tics, presents en aquest lloc web, es troben sotmeses a la legislaci\u00f3 i jurisdicci\u00f3 espanyoles.<\/p>\n<p>&nbsp;<\/p>\n<p><strong>\u00daS I ACC\u00c9S D&#8217;USUARIS.<\/strong><\/p>\n<p>L&#8217;Usuari queda informat, i accepta, que l&#8217;acc\u00e9s a la present web no suposa, de cap manera, l&#8217;inici d&#8217;una relaci\u00f3 comercial amb HRegas o qualsevol de les seves delegacions.<\/p>\n<p>&nbsp;<\/p>\n<p><strong>PROPIETAT INTEL\u00b7LECTUAL I INDUSTRIAL.<\/strong><\/p>\n<p>Els drets de propietat intel\u00b7lectual del contingut de les p\u00e0gines web, el seu disseny gr\u00e0fic i codis s\u00f3n titularitat de HRegas. i, per tant, queda prohibida la seva reproducci\u00f3, distribuci\u00f3, comunicaci\u00f3 p\u00fablica, transformaci\u00f3 o qualsevol altra activitat que es pugui realitzar amb els continguts de les seves p\u00e0gines web ni encara citant les fonts, excepte consentiment per escrit de HRegas.<\/p>\n<p>&nbsp;<\/p>\n<p><strong>CONTINGUT DEL WEB I ENLLA\u00c7OS (LINKS).<\/strong><\/p>\n<p>HRegas es reserva el dret a actualitzar, modificar o eliminar la informaci\u00f3 continguda en les seves p\u00e0gines web podent fins i tot limitar o no permetre l&#8217;acc\u00e9s a aquesta informaci\u00f3 a certs usuaris.<\/p>\n<p>HRegas no assumeix cap responsabilitat per la informaci\u00f3 continguda en p\u00e0gines web de tercers a les que es pugui accedir per &#8220;links&#8221; o enlla\u00e7os des de qualsevol p\u00e0gina web propietat de HRegas. La pres\u00e8ncia de &#8220;links&#8221; o enlla\u00e7os a les p\u00e0gines web de HRegas t\u00e9 finalitat merament informativa i en cap cas suposa suggeriment, invitaci\u00f3 o recomanaci\u00f3 sobre els mateixos.<\/p>\n","protected":false},"excerpt":{"rendered":"<p>En compliment de l&#8217;article 10 de la Llei 34\/2002, de 11 de juliol, de Serveis de la Societat de la Informaci\u00f3 i Comer\u00e7 Electr\u00f2nic (LSSICE) a continuaci\u00f3 es detallen les dades identificatives de l&#8217;empresa: Ra\u00f3 social: PENRAM SA CIF: : A59121830 Direcci\u00f3: C\/ REGAS 10-12- 08006 &#8211; : BARCELONA- BARCELONA Tel\u00e8fon: 932380092 E-mail: info@hregas.com &nbsp; [&hellip;]<\/p>\n","protected":false},"author":7,"featured_media":0,"parent":0,"menu_order":0,"comment_status":"closed","ping_status":"closed","template":"page-fullwith.php","meta":{"footnotes":""},"class_list":["post-275","page","type-page","status-publish","hentry"],"yoast_head":"<!-- This site is optimized with the Yoast SEO plugin v27.0 - https:\/\/yoast.com\/product\/yoast-seo-wordpress\/ -->\n<title>AV\u00edS LEGAL - H Reg\u00e0s<\/title>\n<meta name=\"robots\" content=\"index, follow, max-snippet:-1, max-image-preview:large, max-video-preview:-1\" \/>\n<link rel=\"canonical\" href=\"https:\/\/hregas.com\/ca\/avis-legal\/\" \/>\n<meta property=\"og:locale\" content=\"ca_ES\" \/>\n<meta property=\"og:type\" content=\"article\" \/>\n<meta property=\"og:title\" content=\"AV\u00edS LEGAL - H Reg\u00e0s\" \/>\n<meta property=\"og:description\" content=\"En compliment de l&#8217;article 10 de la Llei 34\/2002, de 11 de juliol, de Serveis de la Societat de la Informaci\u00f3 i Comer\u00e7 Electr\u00f2nic (LSSICE) a continuaci\u00f3 es detallen les dades identificatives de l&#8217;empresa: Ra\u00f3 social: PENRAM SA CIF: : A59121830 Direcci\u00f3: C\/ REGAS 10-12- 08006 &#8211; : BARCELONA- BARCELONA Tel\u00e8fon: 932380092 E-mail: info@hregas.com &nbsp; [&hellip;]\" \/>\n<meta property=\"og:url\" content=\"https:\/\/hregas.com\/ca\/avis-legal\/\" \/>\n<meta property=\"og:site_name\" content=\"H Reg\u00e0s\" \/>\n<meta property=\"article:publisher\" content=\"https:\/\/www.facebook.com\/SuperLoveHotels\" \/>\n<meta property=\"article:modified_time\" content=\"2025-04-25T08:44:23+00:00\" \/>\n<meta name=\"twitter:card\" content=\"summary_large_image\" \/>\n<meta name=\"twitter:site\" content=\"@SuperLoveHotels\" \/>\n<meta name=\"twitter:label1\" content=\"Temps estimat de lectura\" \/>\n\t<meta name=\"twitter:data1\" content=\"2 minuts\" \/>\n<script type=\"application\/ld+json\" class=\"yoast-schema-graph\">{\"@context\":\"https:\/\/schema.org\",\"@graph\":[{\"@type\":\"WebPage\",\"@id\":\"https:\/\/hregas.com\/ca\/avis-legal\/\",\"url\":\"https:\/\/hregas.com\/ca\/avis-legal\/\",\"name\":\"AV\u00edS LEGAL - H Reg\u00e0s\",\"isPartOf\":{\"@id\":\"https:\/\/hregas.com\/ca\/#website\"},\"datePublished\":\"2016-11-28T14:43:51+00:00\",\"dateModified\":\"2025-04-25T08:44:23+00:00\",\"breadcrumb\":{\"@id\":\"https:\/\/hregas.com\/ca\/avis-legal\/#breadcrumb\"},\"inLanguage\":\"ca\",\"potentialAction\":[{\"@type\":\"ReadAction\",\"target\":[\"https:\/\/hregas.com\/ca\/avis-legal\/\"]}]},{\"@type\":\"BreadcrumbList\",\"@id\":\"https:\/\/hregas.com\/ca\/avis-legal\/#breadcrumb\",\"itemListElement\":[{\"@type\":\"ListItem\",\"position\":1,\"name\":\"Portada\",\"item\":\"https:\/\/hregas.com\/ca\/\"},{\"@type\":\"ListItem\",\"position\":2,\"name\":\"AV\u00edS LEGAL\"}]},{\"@type\":\"WebSite\",\"@id\":\"https:\/\/hregas.com\/ca\/#website\",\"url\":\"https:\/\/hregas.com\/ca\/\",\"name\":\"H Reg\u00e0s\",\"description\":\"Hotel para parejas, habitaciones por horas en Barcelona\",\"publisher\":{\"@id\":\"https:\/\/hregas.com\/ca\/#organization\"},\"potentialAction\":[{\"@type\":\"SearchAction\",\"target\":{\"@type\":\"EntryPoint\",\"urlTemplate\":\"https:\/\/hregas.com\/ca\/?s={search_term_string}\"},\"query-input\":{\"@type\":\"PropertyValueSpecification\",\"valueRequired\":true,\"valueName\":\"search_term_string\"}}],\"inLanguage\":\"ca\"},{\"@type\":\"Organization\",\"@id\":\"https:\/\/hregas.com\/ca\/#organization\",\"name\":\"H Reg\u00e0s\",\"url\":\"https:\/\/hregas.com\/ca\/\",\"logo\":{\"@type\":\"ImageObject\",\"inLanguage\":\"ca\",\"@id\":\"https:\/\/hregas.com\/ca\/#\/schema\/logo\/image\/\",\"url\":\"https:\/\/hregas.com\/wp-content\/uploads\/2015\/07\/SuperLove-Hotel-Regas.png\",\"contentUrl\":\"https:\/\/hregas.com\/wp-content\/uploads\/2015\/07\/SuperLove-Hotel-Regas.png\",\"width\":113,\"height\":70,\"caption\":\"H Reg\u00e0s\"},\"image\":{\"@id\":\"https:\/\/hregas.com\/ca\/#\/schema\/logo\/image\/\"},\"sameAs\":[\"https:\/\/www.facebook.com\/SuperLoveHotels\",\"https:\/\/x.com\/SuperLoveHotels\"]}]}<\/script>\n<!-- \/ Yoast SEO plugin. -->","yoast_head_json":{"title":"AV\u00edS LEGAL - H Reg\u00e0s","robots":{"index":"index","follow":"follow","max-snippet":"max-snippet:-1","max-image-preview":"max-image-preview:large","max-video-preview":"max-video-preview:-1"},"canonical":"https:\/\/hregas.com\/ca\/avis-legal\/","og_locale":"ca_ES","og_type":"article","og_title":"AV\u00edS LEGAL - H Reg\u00e0s","og_description":"En compliment de l&#8217;article 10 de la Llei 34\/2002, de 11 de juliol, de Serveis de la Societat de la Informaci\u00f3 i Comer\u00e7 Electr\u00f2nic (LSSICE) a continuaci\u00f3 es detallen les dades identificatives de l&#8217;empresa: Ra\u00f3 social: PENRAM SA CIF: : A59121830 Direcci\u00f3: C\/ REGAS 10-12- 08006 &#8211; : BARCELONA- BARCELONA Tel\u00e8fon: 932380092 E-mail: info@hregas.com &nbsp; [&hellip;]","og_url":"https:\/\/hregas.com\/ca\/avis-legal\/","og_site_name":"H Reg\u00e0s","article_publisher":"https:\/\/www.facebook.com\/SuperLoveHotels","article_modified_time":"2025-04-25T08:44:23+00:00","twitter_card":"summary_large_image","twitter_site":"@SuperLoveHotels","twitter_misc":{"Temps estimat de lectura":"2 minuts"},"schema":{"@context":"https:\/\/schema.org","@graph":[{"@type":"WebPage","@id":"https:\/\/hregas.com\/ca\/avis-legal\/","url":"https:\/\/hregas.com\/ca\/avis-legal\/","name":"AV\u00edS LEGAL - H Reg\u00e0s","isPartOf":{"@id":"https:\/\/hregas.com\/ca\/#website"},"datePublished":"2016-11-28T14:43:51+00:00","dateModified":"2025-04-25T08:44:23+00:00","breadcrumb":{"@id":"https:\/\/hregas.com\/ca\/avis-legal\/#breadcrumb"},"inLanguage":"ca","potentialAction":[{"@type":"ReadAction","target":["https:\/\/hregas.com\/ca\/avis-legal\/"]}]},{"@type":"BreadcrumbList","@id":"https:\/\/hregas.com\/ca\/avis-legal\/#breadcrumb","itemListElement":[{"@type":"ListItem","position":1,"name":"Portada","item":"https:\/\/hregas.com\/ca\/"},{"@type":"ListItem","position":2,"name":"AV\u00edS LEGAL"}]},{"@type":"WebSite","@id":"https:\/\/hregas.com\/ca\/#website","url":"https:\/\/hregas.com\/ca\/","name":"H Reg\u00e0s","description":"Hotel para parejas, habitaciones por horas en Barcelona","publisher":{"@id":"https:\/\/hregas.com\/ca\/#organization"},"potentialAction":[{"@type":"SearchAction","target":{"@type":"EntryPoint","urlTemplate":"https:\/\/hregas.com\/ca\/?s={search_term_string}"},"query-input":{"@type":"PropertyValueSpecification","valueRequired":true,"valueName":"search_term_string"}}],"inLanguage":"ca"},{"@type":"Organization","@id":"https:\/\/hregas.com\/ca\/#organization","name":"H Reg\u00e0s","url":"https:\/\/hregas.com\/ca\/","logo":{"@type":"ImageObject","inLanguage":"ca","@id":"https:\/\/hregas.com\/ca\/#\/schema\/logo\/image\/","url":"https:\/\/hregas.com\/wp-content\/uploads\/2015\/07\/SuperLove-Hotel-Regas.png","contentUrl":"https:\/\/hregas.com\/wp-content\/uploads\/2015\/07\/SuperLove-Hotel-Regas.png","width":113,"height":70,"caption":"H Reg\u00e0s"},"image":{"@id":"https:\/\/hregas.com\/ca\/#\/schema\/logo\/image\/"},"sameAs":["https:\/\/www.facebook.com\/SuperLoveHotels","https:\/\/x.com\/SuperLoveHotels"]}]}},"_links":{"self":[{"href":"https:\/\/hregas.com\/ca\/wp-json\/wp\/v2\/pages\/275","targetHints":{"allow":["GET"]}}],"collection":[{"href":"https:\/\/hregas.com\/ca\/wp-json\/wp\/v2\/pages"}],"about":[{"href":"https:\/\/hregas.com\/ca\/wp-json\/wp\/v2\/types\/page"}],"author":[{"embeddable":true,"href":"https:\/\/hregas.com\/ca\/wp-json\/wp\/v2\/users\/7"}],"replies":[{"embeddable":true,"href":"https:\/\/hregas.com\/ca\/wp-json\/wp\/v2\/comments?post=275"}],"version-history":[{"count":0,"href":"https:\/\/hregas.com\/ca\/wp-json\/wp\/v2\/pages\/275\/revisions"}],"wp:attachment":[{"href":"https:\/\/hregas.com\/ca\/wp-json\/wp\/v2\/media?parent=275"}],"curies":[{"name":"wp","href":"https:\/\/api.w.org\/{rel}","templated":true}]}}