{"id":281,"date":"2016-11-28T14:26:05","date_gmt":"2016-11-28T14:26:05","guid":{"rendered":"https:\/\/hregas.com\/ca\/politica-de-privacidad\/"},"modified":"2018-09-26T09:59:04","modified_gmt":"2018-09-26T09:59:04","slug":"politica-de-privacitat","status":"publish","type":"page","link":"https:\/\/hregas.com\/ca\/politica-de-privacitat\/","title":{"rendered":"POL\u00cdTICA DE PRIVACITAT"},"content":{"rendered":"<p><em>A efecte del que preveu la Llei Org\u00e0nica 15\/1999, de 13 de desembre, de Protecci\u00f3 de Dades de Car\u00e0cter Personal Penram SA, amb CIF: A59121830 informa a l&#8217;Usuari que \u00e9s titular de fitxers de dades de car\u00e0cter personal inscrits el RGPD (Registre General de Protecci\u00f3 de Dades) en els que les seves dades queden incorporades i s\u00f3n tractades amb la finalitat de prestar els serveis sol\u00b7licitats i enviar-li la informaci\u00f3 sobre la nostra empresa que pugui ser del seu inter\u00e8s.<\/em><\/p>\n<p><em>D&#8217;ara endevant l&#8217;empresa Penram SA ser\u00e1 anomenada HRegas.<\/em><\/p>\n<p><strong>ENVIAMENT I REGISTRE DE DADES DE CAR\u00c0CTER PERSONAL<\/strong><\/p>\n<p>L&#8217;enviament de dades de car\u00e0cter personal \u00e9s obligatori per contactar i rebre informaci\u00f3 sobre els serveis prestats per HRegas.<\/p>\n<p>Aix\u00ed mateix, el no facilitar les dades personals sol\u00b7licitades o el no acceptar la present pol\u00edtica de protecci\u00f3 de dades suposa la impossibilitat de subscriure, registrar o rebre informaci\u00f3 d&#8217;aquests serveis.<\/p>\n<p>D&#8217;acord amb el que estableix la Llei Org\u00e0nica 15\/1999, de 13 de desembre, de Protecci\u00f3 de Dades de Car\u00e0cter Personal, l&#8217;informem que les dades personals que s&#8217;obtinguin com a conseq\u00fc\u00e8ncia del seu enviament de dades personals, seran incorporades a un fitxer titularitat de\u00a0HRegas amb C\/ REGAS 10-12- 08006 BARCELONA BARCELONA , tenint implementades totes les mesures de seguretat establertes al Reial Decret 1720\/2007.<\/p>\n<p>&nbsp;<\/p>\n<p><strong>Exactitud i veracitat de les dades facilitades.<\/strong><\/p>\n<p>L&#8217;Usuari que envia la informaci\u00f3 a HRegas \u00e9s l&#8217;\u00fanic responsable de la veracitat i correcci\u00f3 de les dades incloses, exonerant HRegas de qualsevol responsabilitat referent a aix\u00f2.<\/p>\n<p>Els usuaris garanteixen i responen, en qualsevol cas, de l&#8217;exactitud, vig\u00e8ncia i autenticitat de les dades personals facilitades, i es comprometen a mantenir-les degudament actualitzades. L&#8217;usuari accepta proporcionar informaci\u00f3 completa i correcta en el formulari de registre o subscripci\u00f3.<\/p>\n<p>HRegas no respon de la veracitat de les informacions que no siguin d&#8217;elaboraci\u00f3 pr\u00f2pia i de les que s&#8217;indiqui una altra font, de manera que tampoc assumeix cap responsabilitat pel que fa a hipot\u00e8tics perjudicis que poguessin originar-se per l&#8217;\u00fas d&#8217;aquesta informaci\u00f3.<\/p>\n<p>Es exonera HRegas de responsabilitat davant de qualsevol dany o perjudici que pogu\u00e9s sofrir l&#8217;Usuari com a conseq\u00fc\u00e8ncia d&#8217;errors, defectes o omissions, en la informaci\u00f3 facilitada per HRegas sempre que procedeixi de fonts alienes a HRegas.<\/p>\n<p>&nbsp;<\/p>\n<p><strong>Cessi\u00f3 de dades a tercers.<\/strong><\/p>\n<p>HRegas no cedir\u00e0 les dades personals a tercers. No obstant, en el cas de ser cedits a algun tercer es produiria una informaci\u00f3 pr\u00e8via sol\u00b7licitant el consentiment expr\u00e9s de l&#8217;afectat en virtut de l&#8217;Art. 6 LOPD.<\/p>\n<p>&nbsp;<\/p>\n<p><strong>Exercici de drets d&#8217;acc\u00e9s, rectificaci\u00f3, cancel\u00b7laci\u00f3 i oposici\u00f3.<\/strong><\/p>\n<p>En tot moment, podr\u00e0 vost\u00e9 exercir els seus drets:<\/p>\n<p>Pot exercir els drets d&#8217;acc\u00e9s, rectificaci\u00f3, supressi\u00f3 i oposici\u00f3, limitar el tractament de les seves dades, o directament oposar-se al tractament, o exercir el dret a la portabilitat dels mateixos. Tot aix\u00f2, mitjan\u00e7ant escrit, acompanyat de c\u00f2pia de document oficial que li identifiqui, dirigit a\u00a0HRegas CIF: A59121830, Dir. Postal: C\/ REGAS 10-12- Localitat: BARCELONA- CP: 08006 &#8211; BARCELONA, tamb\u00e9 pot enviar un correu electr\u00f2nic a: info@hregas.com<\/p>\n<p>En cas de disconformitat amb el tractament, tamb\u00e9 t\u00e9 dret a presentar una reclamaci\u00f3 davant l&#8217;Ag\u00e8ncia Espanyola de Protecci\u00f3 de Dades. Tamb\u00e9 podr\u00e0 oposar-se als nostres enviaments de comunicacions comercials (Art.21.2 de la LSSI) a trav\u00e9s de la seg\u00fcent adre\u00e7a de correu electr\u00f2nic: info@hregas.com indicant BAIXA a l&#8217;assumpte.<\/p>\n<p>Podeu consultar la INFORMACI\u00d3 AMPLIADA sobre Protecci\u00f3 de Dades solicit\u00e1ndoselo al nostre personal, o b\u00e9 al correu electr\u00f2nic info@hregas.com indicant en l&#8217;assumpte: INFORMACI\u00d3 AMPLIADA.<\/p>\n<p>&nbsp;<\/p>\n<p><strong>Acceptaci\u00f3 i Consentiment.<\/strong><\/p>\n<p>L&#8217;Usuari declara haver estat informat de les condicions sobre protecci\u00f3 de dades de car\u00e0cter personal, acceptant i consentint el tractament dels mateixos per part de (HRegas), en la forma i per a les finalitats indicades en la present Pol\u00edtica de Protecci\u00f3 de dades Personals.<\/p>\n<p>&nbsp;<\/p>\n<p><strong>CANVIS EN LA PRESENT POL\u00cdTICA DE PRIVACITAT. \u00a0<\/strong><\/p>\n<p>HRegas es reserva el dret a modificar la present pol\u00edtica per adaptar-la a novetats legislatives o jurisprudencials aix\u00ed com a pr\u00e0ctiques de la ind\u00fastria. En aquests sup\u00f2sits, HRegas anunciar\u00e0 en aquesta p\u00e0gina els canvis introdu\u00efts amb raonable antelaci\u00f3 a la seva posada en pr\u00e0ctica.<\/p>\n","protected":false},"excerpt":{"rendered":"<p>A efecte del que preveu la Llei Org\u00e0nica 15\/1999, de 13 de desembre, de Protecci\u00f3 de Dades de Car\u00e0cter Personal Penram SA, amb CIF: A59121830 informa a l&#8217;Usuari que \u00e9s titular de fitxers de dades de car\u00e0cter personal inscrits el RGPD (Registre General de Protecci\u00f3 de Dades) en els que les seves dades queden incorporades [&hellip;]<\/p>\n","protected":false},"author":7,"featured_media":0,"parent":0,"menu_order":0,"comment_status":"closed","ping_status":"closed","template":"page-fullwith.php","meta":{"footnotes":""},"class_list":["post-281","page","type-page","status-publish","hentry"],"yoast_head":"<!-- This site is optimized with the Yoast SEO plugin v27.0 - https:\/\/yoast.com\/product\/yoast-seo-wordpress\/ -->\n<title>POL\u00cdTICA DE PRIVACITAT - H Reg\u00e0s<\/title>\n<meta name=\"robots\" content=\"index, follow, max-snippet:-1, max-image-preview:large, max-video-preview:-1\" \/>\n<link rel=\"canonical\" href=\"https:\/\/hregas.com\/ca\/politica-de-privacitat\/\" \/>\n<meta property=\"og:locale\" content=\"ca_ES\" \/>\n<meta property=\"og:type\" content=\"article\" \/>\n<meta property=\"og:title\" content=\"POL\u00cdTICA DE PRIVACITAT - H Reg\u00e0s\" \/>\n<meta property=\"og:description\" content=\"A efecte del que preveu la Llei Org\u00e0nica 15\/1999, de 13 de desembre, de Protecci\u00f3 de Dades de Car\u00e0cter Personal Penram SA, amb CIF: A59121830 informa a l&#8217;Usuari que \u00e9s titular de fitxers de dades de car\u00e0cter personal inscrits el RGPD (Registre General de Protecci\u00f3 de Dades) en els que les seves dades queden incorporades [&hellip;]\" \/>\n<meta property=\"og:url\" content=\"https:\/\/hregas.com\/ca\/politica-de-privacitat\/\" \/>\n<meta property=\"og:site_name\" content=\"H Reg\u00e0s\" \/>\n<meta property=\"article:publisher\" content=\"https:\/\/www.facebook.com\/SuperLoveHotels\" \/>\n<meta property=\"article:modified_time\" content=\"2018-09-26T09:59:04+00:00\" \/>\n<meta name=\"twitter:card\" content=\"summary_large_image\" \/>\n<meta name=\"twitter:site\" content=\"@SuperLoveHotels\" \/>\n<meta name=\"twitter:label1\" content=\"Temps estimat de lectura\" \/>\n\t<meta name=\"twitter:data1\" content=\"4 minuts\" \/>\n<script type=\"application\/ld+json\" class=\"yoast-schema-graph\">{\"@context\":\"https:\/\/schema.org\",\"@graph\":[{\"@type\":\"WebPage\",\"@id\":\"https:\/\/hregas.com\/ca\/politica-de-privacitat\/\",\"url\":\"https:\/\/hregas.com\/ca\/politica-de-privacitat\/\",\"name\":\"POL\u00cdTICA DE PRIVACITAT - H Reg\u00e0s\",\"isPartOf\":{\"@id\":\"https:\/\/hregas.com\/ca\/#website\"},\"datePublished\":\"2016-11-28T14:26:05+00:00\",\"dateModified\":\"2018-09-26T09:59:04+00:00\",\"breadcrumb\":{\"@id\":\"https:\/\/hregas.com\/ca\/politica-de-privacitat\/#breadcrumb\"},\"inLanguage\":\"ca\",\"potentialAction\":[{\"@type\":\"ReadAction\",\"target\":[\"https:\/\/hregas.com\/ca\/politica-de-privacitat\/\"]}]},{\"@type\":\"BreadcrumbList\",\"@id\":\"https:\/\/hregas.com\/ca\/politica-de-privacitat\/#breadcrumb\",\"itemListElement\":[{\"@type\":\"ListItem\",\"position\":1,\"name\":\"Portada\",\"item\":\"https:\/\/hregas.com\/ca\/\"},{\"@type\":\"ListItem\",\"position\":2,\"name\":\"POL\u00cdTICA DE PRIVACITAT\"}]},{\"@type\":\"WebSite\",\"@id\":\"https:\/\/hregas.com\/ca\/#website\",\"url\":\"https:\/\/hregas.com\/ca\/\",\"name\":\"H Reg\u00e0s\",\"description\":\"Hotel para parejas, habitaciones por horas en Barcelona\",\"publisher\":{\"@id\":\"https:\/\/hregas.com\/ca\/#organization\"},\"potentialAction\":[{\"@type\":\"SearchAction\",\"target\":{\"@type\":\"EntryPoint\",\"urlTemplate\":\"https:\/\/hregas.com\/ca\/?s={search_term_string}\"},\"query-input\":{\"@type\":\"PropertyValueSpecification\",\"valueRequired\":true,\"valueName\":\"search_term_string\"}}],\"inLanguage\":\"ca\"},{\"@type\":\"Organization\",\"@id\":\"https:\/\/hregas.com\/ca\/#organization\",\"name\":\"H Reg\u00e0s\",\"url\":\"https:\/\/hregas.com\/ca\/\",\"logo\":{\"@type\":\"ImageObject\",\"inLanguage\":\"ca\",\"@id\":\"https:\/\/hregas.com\/ca\/#\/schema\/logo\/image\/\",\"url\":\"https:\/\/hregas.com\/wp-content\/uploads\/2015\/07\/SuperLove-Hotel-Regas.png\",\"contentUrl\":\"https:\/\/hregas.com\/wp-content\/uploads\/2015\/07\/SuperLove-Hotel-Regas.png\",\"width\":113,\"height\":70,\"caption\":\"H Reg\u00e0s\"},\"image\":{\"@id\":\"https:\/\/hregas.com\/ca\/#\/schema\/logo\/image\/\"},\"sameAs\":[\"https:\/\/www.facebook.com\/SuperLoveHotels\",\"https:\/\/x.com\/SuperLoveHotels\"]}]}<\/script>\n<!-- \/ Yoast SEO plugin. -->","yoast_head_json":{"title":"POL\u00cdTICA DE PRIVACITAT - H Reg\u00e0s","robots":{"index":"index","follow":"follow","max-snippet":"max-snippet:-1","max-image-preview":"max-image-preview:large","max-video-preview":"max-video-preview:-1"},"canonical":"https:\/\/hregas.com\/ca\/politica-de-privacitat\/","og_locale":"ca_ES","og_type":"article","og_title":"POL\u00cdTICA DE PRIVACITAT - H Reg\u00e0s","og_description":"A efecte del que preveu la Llei Org\u00e0nica 15\/1999, de 13 de desembre, de Protecci\u00f3 de Dades de Car\u00e0cter Personal Penram SA, amb CIF: A59121830 informa a l&#8217;Usuari que \u00e9s titular de fitxers de dades de car\u00e0cter personal inscrits el RGPD (Registre General de Protecci\u00f3 de Dades) en els que les seves dades queden incorporades [&hellip;]","og_url":"https:\/\/hregas.com\/ca\/politica-de-privacitat\/","og_site_name":"H Reg\u00e0s","article_publisher":"https:\/\/www.facebook.com\/SuperLoveHotels","article_modified_time":"2018-09-26T09:59:04+00:00","twitter_card":"summary_large_image","twitter_site":"@SuperLoveHotels","twitter_misc":{"Temps estimat de lectura":"4 minuts"},"schema":{"@context":"https:\/\/schema.org","@graph":[{"@type":"WebPage","@id":"https:\/\/hregas.com\/ca\/politica-de-privacitat\/","url":"https:\/\/hregas.com\/ca\/politica-de-privacitat\/","name":"POL\u00cdTICA DE PRIVACITAT - H Reg\u00e0s","isPartOf":{"@id":"https:\/\/hregas.com\/ca\/#website"},"datePublished":"2016-11-28T14:26:05+00:00","dateModified":"2018-09-26T09:59:04+00:00","breadcrumb":{"@id":"https:\/\/hregas.com\/ca\/politica-de-privacitat\/#breadcrumb"},"inLanguage":"ca","potentialAction":[{"@type":"ReadAction","target":["https:\/\/hregas.com\/ca\/politica-de-privacitat\/"]}]},{"@type":"BreadcrumbList","@id":"https:\/\/hregas.com\/ca\/politica-de-privacitat\/#breadcrumb","itemListElement":[{"@type":"ListItem","position":1,"name":"Portada","item":"https:\/\/hregas.com\/ca\/"},{"@type":"ListItem","position":2,"name":"POL\u00cdTICA DE PRIVACITAT"}]},{"@type":"WebSite","@id":"https:\/\/hregas.com\/ca\/#website","url":"https:\/\/hregas.com\/ca\/","name":"H Reg\u00e0s","description":"Hotel para parejas, habitaciones por horas en Barcelona","publisher":{"@id":"https:\/\/hregas.com\/ca\/#organization"},"potentialAction":[{"@type":"SearchAction","target":{"@type":"EntryPoint","urlTemplate":"https:\/\/hregas.com\/ca\/?s={search_term_string}"},"query-input":{"@type":"PropertyValueSpecification","valueRequired":true,"valueName":"search_term_string"}}],"inLanguage":"ca"},{"@type":"Organization","@id":"https:\/\/hregas.com\/ca\/#organization","name":"H Reg\u00e0s","url":"https:\/\/hregas.com\/ca\/","logo":{"@type":"ImageObject","inLanguage":"ca","@id":"https:\/\/hregas.com\/ca\/#\/schema\/logo\/image\/","url":"https:\/\/hregas.com\/wp-content\/uploads\/2015\/07\/SuperLove-Hotel-Regas.png","contentUrl":"https:\/\/hregas.com\/wp-content\/uploads\/2015\/07\/SuperLove-Hotel-Regas.png","width":113,"height":70,"caption":"H Reg\u00e0s"},"image":{"@id":"https:\/\/hregas.com\/ca\/#\/schema\/logo\/image\/"},"sameAs":["https:\/\/www.facebook.com\/SuperLoveHotels","https:\/\/x.com\/SuperLoveHotels"]}]}},"_links":{"self":[{"href":"https:\/\/hregas.com\/ca\/wp-json\/wp\/v2\/pages\/281","targetHints":{"allow":["GET"]}}],"collection":[{"href":"https:\/\/hregas.com\/ca\/wp-json\/wp\/v2\/pages"}],"about":[{"href":"https:\/\/hregas.com\/ca\/wp-json\/wp\/v2\/types\/page"}],"author":[{"embeddable":true,"href":"https:\/\/hregas.com\/ca\/wp-json\/wp\/v2\/users\/7"}],"replies":[{"embeddable":true,"href":"https:\/\/hregas.com\/ca\/wp-json\/wp\/v2\/comments?post=281"}],"version-history":[{"count":0,"href":"https:\/\/hregas.com\/ca\/wp-json\/wp\/v2\/pages\/281\/revisions"}],"wp:attachment":[{"href":"https:\/\/hregas.com\/ca\/wp-json\/wp\/v2\/media?parent=281"}],"curies":[{"name":"wp","href":"https:\/\/api.w.org\/{rel}","templated":true}]}}